{"id":78,"date":"2017-12-12T11:24:21","date_gmt":"2017-12-12T15:24:21","guid":{"rendered":"http:\/\/ayuntamiento.guineo\/transparencia\/?page_id=78"},"modified":"2021-09-17T16:12:59","modified_gmt":"2021-09-17T20:12:59","slug":"definicion-oaim-oficina-de-acceso-a-la-informacion-municipal","status":"publish","type":"page","link":"https:\/\/ayuntamientolascharcas.gob.do\/transparencia\/definicion-oaim-oficina-de-acceso-a-la-informacion-municipal\/","title":{"rendered":"Definici\u00f3n OAIM (Oficina de Acceso a la Informaci\u00f3n Municipal)"},"content":{"rendered":"<p>La Alcald\u00eda de Las Charcas, en cumplimiento de la Ley 200-04, o Ley de Acceso a la Informaci\u00f3n P\u00fablica, creo la Oficina de Acceso a la Informaci\u00f3n P\u00fablica para hacer consultas o solicitar informaci\u00f3n.<\/p>\n<p>Esta Ley fue aprobada el 28 de Julio de 2004 y su objetivo es garantizar el derecho de toda persona a toda persona tiene derecho a solicitar y a recibir informaci\u00f3n\u00a0completa, veraz, adecuada y oportuna, de cualquier \u00f3rgano del Estado Dominicano, y de\u00a0todas las sociedades an\u00f3nimas, compa\u00f1\u00edas an\u00f3nimas o compa\u00f1\u00edas por acciones con\u00a0participaci\u00f3n estatal.<\/p>\n<p>&nbsp;<\/p>\n<p><strong>Proceso de Solicitud de Informaci\u00f3n:<\/strong><\/p>\n<ul>\n<li>Completar el formulario de solicitud de informaci\u00f3n.<\/li>\n<li>Se procede a la revisi\u00f3n de dicho documento con la finalidad de verificar que est\u00e1 debidamente completada.<\/li>\n<li>Se hace entrega de acuse de la solicitud al solicitante.<\/li>\n<li>Seg\u00fan la complejidad de la informaci\u00f3n, se asigna una fecha de entrega.<\/li>\n<li>En caso de no ser la C\u00e1mara de Cuentas de la Rep\u00fablica la entidad competente para ofrecer la informaci\u00f3n requerida, dicha solicitud se refiere a la instituci\u00f3n correspondiente y se le informa al solicitante, el curso que ha tomado su solicitud y la instituci\u00f3n destinataria.<\/li>\n<li>Seguimiento de la(s) solicitud(es) hasta confirmar que se ha sumistrado la informaci\u00f3n.<\/li>\n<\/ul>\n<p>&nbsp;<\/p>\n<p><span style=\"font-size: 14pt\"><strong><a href=\"http:\/\/ayuntamientolascharcas.gob.do\/transparencia\/wp-content\/uploads\/2021\/09\/FORMULARIO-SOLICITUD-PUBLICA-LAS-CHARCAS.pdf\">FORMULARIO SOLICITUD PUBLICA LAS CHARCAS<\/a><\/strong><\/span><\/p>\n","protected":false},"excerpt":{"rendered":"La Alcald\u00eda de Las Charcas, en cumplimiento de la Ley 200-04, o Ley de Acceso a la Informaci\u00f3n P\u00fablica, creo la Oficina de Acceso a la Informaci\u00f3n P\u00fablica para hacer consultas o solicitar informaci\u00f3n. Esta Ley fue aprobada el 28 de Julio de 2004 y su objetivo es garantizar el derecho de toda persona a&#8230;","protected":false},"author":3,"featured_media":0,"parent":0,"menu_order":0,"comment_status":"closed","ping_status":"closed","template":"","meta":[],"_links":{"self":[{"href":"https:\/\/ayuntamientolascharcas.gob.do\/transparencia\/wp-json\/wp\/v2\/pages\/78"}],"collection":[{"href":"https:\/\/ayuntamientolascharcas.gob.do\/transparencia\/wp-json\/wp\/v2\/pages"}],"about":[{"href":"https:\/\/ayuntamientolascharcas.gob.do\/transparencia\/wp-json\/wp\/v2\/types\/page"}],"author":[{"embeddable":true,"href":"https:\/\/ayuntamientolascharcas.gob.do\/transparencia\/wp-json\/wp\/v2\/users\/3"}],"replies":[{"embeddable":true,"href":"https:\/\/ayuntamientolascharcas.gob.do\/transparencia\/wp-json\/wp\/v2\/comments?post=78"}],"version-history":[{"count":6,"href":"https:\/\/ayuntamientolascharcas.gob.do\/transparencia\/wp-json\/wp\/v2\/pages\/78\/revisions"}],"predecessor-version":[{"id":406,"href":"https:\/\/ayuntamientolascharcas.gob.do\/transparencia\/wp-json\/wp\/v2\/pages\/78\/revisions\/406"}],"wp:attachment":[{"href":"https:\/\/ayuntamientolascharcas.gob.do\/transparencia\/wp-json\/wp\/v2\/media?parent=78"}],"curies":[{"name":"wp","href":"https:\/\/api.w.org\/{rel}","templated":true}]}}